{"id":8446,"date":"2021-03-09T15:39:00","date_gmt":"2021-03-09T14:39:00","guid":{"rendered":"https:\/\/basecamp-gramais.com\/contact-us\/"},"modified":"2025-06-11T09:09:06","modified_gmt":"2025-06-11T07:09:06","slug":"contact-us","status":"publish","type":"page","link":"https:\/\/basecamp-gramais.com\/en\/contact-us\/","title":{"rendered":"Contact us"},"content":{"rendered":"<div class=\"wpb-content-wrapper\"><p>[vc_row][vc_column width=&#8221;1\/6&#8243;][\/vc_column][vc_column width=&#8221;2\/3&#8243;][vc_empty_space height=&#8221;50&#8243;][vc_row_inner content_placement=&#8221;bottom&#8221; gap=&#8221;10&#8243;][vc_column_inner width=&#8221;3\/5&#8243;][vc_single_image image=&#8221;9215&#8243; img_size=&#8221;full&#8221; alignment=&#8221;right&#8221; css_animation=&#8221;fadeIn&#8221; css=&#8221;&#8221;][\/vc_column_inner][vc_column_inner width=&#8221;2\/5&#8243;][vc_column_text css=&#8221;&#8221;]<img data-recalc-dims=\"1\" loading=\"lazy\" decoding=\"async\" class=\"wp-image-9012 alignnone\" src=\"https:\/\/i0.wp.com\/basecamp-gramais.com\/wp-content\/uploads\/2024\/10\/kreuz_basecamp-07.png?resize=30%2C30&#038;ssl=1\" alt=\"\" width=\"30\" height=\"30\" srcset=\"https:\/\/i0.wp.com\/basecamp-gramais.com\/wp-content\/uploads\/2024\/10\/kreuz_basecamp-07.png?resize=150%2C150&amp;ssl=1 150w, https:\/\/i0.wp.com\/basecamp-gramais.com\/wp-content\/uploads\/2024\/10\/kreuz_basecamp-07.png?w=182&amp;ssl=1 182w\" sizes=\"auto, (max-width: 30px) 100vw, 30px\" \/>[\/vc_column_text][vc_custom_heading text=&#8221;BASECAMP&#8221; font_container=&#8221;tag:h2|font_size:35|text_align:left|color:%23383a33&#8243; google_fonts=&#8221;font_family:Open%20Sans%3A300%2C300italic%2Cregular%2Citalic%2C600%2C600italic%2C700%2C700italic%2C800%2C800italic|font_style:400%20regular%3A400%3Anormal&#8221; css=&#8221;.vc_custom_1729258496644{margin-top: -20px !important;}&#8221;][vc_custom_heading text=&#8221;GRAMAIS&#8221; font_container=&#8221;tag:h2|font_size:18|text_align:left|color:%23383a33&#8243; google_fonts=&#8221;font_family:Open%20Sans%3A300%2C300italic%2Cregular%2Citalic%2C600%2C600italic%2C700%2C700italic%2C800%2C800italic|font_style:800%20bold%20regular%3A800%3Anormal&#8221; css=&#8221;.vc_custom_1729258632547{margin-top: -15px !important;}&#8221;][vc_column_text css=&#8221;&#8221;]<span style=\"color: #383a33;\"><strong>Claudia &amp; Hubertus Johannes Lindner<\/strong><\/span><br \/>\n<span style=\"color: #383a33;\">Gramais 17 | 6650 Gramais<\/span><br \/><span style=\"color: #383a33;\">Austria<\/span><\/p>\n<p><\/p>\n<p><span style=\"color: #383a33;\"><strong>T<\/strong> +43 664 1941232<\/span><br \/><span style=\"color: #383a33;\"><strong>M<\/strong> office@basecamp-gramais.com<\/span>[\/vc_column_text][\/vc_column_inner][\/vc_row_inner][vc_empty_space height=&#8221;50&#8243;][vc_tta_accordion style=&#8221;outline&#8221; shape=&#8221;square&#8221; color=&#8221;white&#8221; c_icon=&#8221;triangle&#8221; active_section=&#8221;&#8221; collapsible_all=&#8221;true&#8221;][vc_tta_section title=&#8221;Use our inquiry form&#8221; tab_id=&#8221;1714769015919-366cf064-a3e7&#8243;][vc_column_text css=&#8221;&#8221;]<style id=\"wpforms-css-vars-8508\">\n\t\t\t\t#wpforms-8508 {\n\t\t\t\t\n\t\t\t}\n\t\t\t<\/style><div class=\"wpforms-container wpforms-container-full wpforms-render-modern\" id=\"wpforms-8508\"><form id=\"wpforms-form-8508\" class=\"wpforms-validate wpforms-form wpforms-ajax-form\" data-formid=\"8508\" method=\"post\" enctype=\"multipart\/form-data\" action=\"\/en\/wp-json\/wp\/v2\/pages\/8446\" data-token=\"e37b24e5e0e9f9fceb95ffb28b53fa68\" data-token-time=\"1777707312\"><noscript class=\"wpforms-error-noscript\">Please enable JavaScript in your browser to complete this form.<\/noscript><div id=\"wpforms-error-noscript\" style=\"display: none;\">Please enable JavaScript in your browser to complete this form.<\/div><div class=\"wpforms-field-container\"><div id=\"wpforms-8508-field_3-container\" class=\"wpforms-field wpforms-field-name\" data-field-id=\"3\"><fieldset><legend class=\"wpforms-field-label\">Name <span class=\"wpforms-required-label\" aria-hidden=\"true\">*<\/span><\/legend><div class=\"wpforms-field-row wpforms-field-medium\"><div class=\"wpforms-field-row-block wpforms-first wpforms-one-half\"><input type=\"text\" id=\"wpforms-8508-field_3\" class=\"wpforms-field-name-first wpforms-field-required\" name=\"wpforms[fields][3][first]\" aria-errormessage=\"wpforms-8508-field_3-error\" required><label for=\"wpforms-8508-field_3\" class=\"wpforms-field-sublabel after\">Vorname<\/label><\/div><div class=\"wpforms-field-row-block wpforms-one-half\"><input type=\"text\" id=\"wpforms-8508-field_3-last\" class=\"wpforms-field-name-last wpforms-field-required\" name=\"wpforms[fields][3][last]\" aria-errormessage=\"wpforms-8508-field_3-last-error\" required><label for=\"wpforms-8508-field_3-last\" class=\"wpforms-field-sublabel after\">Nachname<\/label><\/div><\/div><\/fieldset><\/div><div id=\"wpforms-8508-field_4-container\" class=\"wpforms-field wpforms-field-email\" data-field-id=\"4\"><label class=\"wpforms-field-label\" for=\"wpforms-8508-field_4\">E-Mail-Adresse <span class=\"wpforms-required-label\" aria-hidden=\"true\">*<\/span><\/label><input type=\"email\" id=\"wpforms-8508-field_4\" class=\"wpforms-field-medium wpforms-field-required\" name=\"wpforms[fields][4]\" spellcheck=\"false\" aria-errormessage=\"wpforms-8508-field_4-error\" required><\/div><div id=\"wpforms-8508-field_5-container\" class=\"wpforms-field wpforms-field-text\" data-field-id=\"5\"><label class=\"wpforms-field-label\" for=\"wpforms-8508-field_5\">Anreise <span class=\"wpforms-required-label\" aria-hidden=\"true\">*<\/span><\/label><input type=\"text\" id=\"wpforms-8508-field_5\" class=\"wpforms-field-small wpforms-field-required\" name=\"wpforms[fields][5]\" placeholder=\"dd.mm.yyyy\" aria-errormessage=\"wpforms-8508-field_5-error\" required><\/div><div id=\"wpforms-8508-field_6-container\" class=\"wpforms-field wpforms-field-text\" data-field-id=\"6\"><label class=\"wpforms-field-label\" for=\"wpforms-8508-field_6\">Abreise <span class=\"wpforms-required-label\" aria-hidden=\"true\">*<\/span><\/label><input type=\"text\" id=\"wpforms-8508-field_6\" class=\"wpforms-field-small wpforms-field-required\" name=\"wpforms[fields][6]\" placeholder=\"dd.mm.yyyy\" aria-errormessage=\"wpforms-8508-field_6-error\" required><\/div><div id=\"wpforms-8508-field_7-container\" class=\"wpforms-field wpforms-field-text\" data-field-id=\"7\"><label class=\"wpforms-field-label\" for=\"wpforms-8508-field_7\">Anzahl Erwachsene <span class=\"wpforms-required-label\" aria-hidden=\"true\">*<\/span><\/label><input type=\"text\" id=\"wpforms-8508-field_7\" class=\"wpforms-field-small wpforms-field-required\" name=\"wpforms[fields][7]\" aria-errormessage=\"wpforms-8508-field_7-error\" required><\/div><div id=\"wpforms-8508-field_8-container\" class=\"wpforms-field wpforms-field-text\" data-field-id=\"8\"><label class=\"wpforms-field-label\" for=\"wpforms-8508-field_8\">Anzahl Kinder <span class=\"wpforms-required-label\" aria-hidden=\"true\">*<\/span><\/label><input type=\"text\" id=\"wpforms-8508-field_8\" class=\"wpforms-field-small wpforms-field-required\" name=\"wpforms[fields][8]\" aria-errormessage=\"wpforms-8508-field_8-error\" required><\/div><div id=\"wpforms-8508-field_9-container\" class=\"wpforms-field wpforms-field-text\" data-field-id=\"9\"><label class=\"wpforms-field-label\" for=\"wpforms-8508-field_9\">Alter der Kinder <span class=\"wpforms-required-label\" aria-hidden=\"true\">*<\/span><\/label><input type=\"text\" id=\"wpforms-8508-field_9\" class=\"wpforms-field-medium wpforms-field-required\" name=\"wpforms[fields][9]\" aria-errormessage=\"wpforms-8508-field_9-error\" aria-describedby=\"wpforms-8508-field_9-description\" required><div id=\"wpforms-8508-field_9-description\" class=\"wpforms-field-description\">Durch Komma getrennt<\/div><\/div><div id=\"wpforms-8508-field_11-container\" class=\"wpforms-field wpforms-field-select wpforms-field-select-style-classic\" data-field-id=\"11\"><label class=\"wpforms-field-label\" for=\"wpforms-8508-field_11\">Verpflegung <span class=\"wpforms-required-label\" aria-hidden=\"true\">*<\/span><\/label><select id=\"wpforms-8508-field_11\" class=\"wpforms-field-medium wpforms-field-required\" name=\"wpforms[fields][11]\" required=\"required\"><option value=\"\u00dcbernachtung\"  class=\"choice-1 depth-1\"  >\u00dcbernachtung<\/option><option value=\"\u00dcbernachtung+Fr\u00fchst\u00fcck\"  class=\"choice-2 depth-1\"  >\u00dcbernachtung+Fr\u00fchst\u00fcck<\/option><\/select><\/div><div id=\"wpforms-8508-field_12-container\" class=\"wpforms-field wpforms-field-textarea\" data-field-id=\"12\"><label class=\"wpforms-field-label\" for=\"wpforms-8508-field_12\">Was Sie uns sonst noch mitteilen wollen<\/label><textarea id=\"wpforms-8508-field_12\" class=\"wpforms-field-medium\" name=\"wpforms[fields][12]\" aria-errormessage=\"wpforms-8508-field_12-error\" ><\/textarea><\/div><div id=\"wpforms-8508-field_16-container\" class=\"wpforms-field wpforms-field-checkbox\" data-field-id=\"16\"><fieldset><legend class=\"wpforms-field-label wpforms-label-hide\" aria-hidden=\"false\">Datenschutz <span class=\"wpforms-required-label\" aria-hidden=\"true\">*<\/span><\/legend><ul id=\"wpforms-8508-field_16\" class=\"wpforms-field-required\"><li class=\"choice-3 depth-1 wpforms-selected\"><input type=\"checkbox\" id=\"wpforms-8508-field_16_3\" name=\"wpforms[fields][16][]\" value=\"Ich habe die Datenschutzerkl\u00e4rung gelesen und akzeptiert.\" aria-errormessage=\"wpforms-8508-field_16_3-error\" required  checked='checked'><label class=\"wpforms-field-label-inline\" for=\"wpforms-8508-field_16_3\">Ich habe die Datenschutzerkl\u00e4rung gelesen und akzeptiert.<\/label><\/li><\/ul><\/fieldset><\/div><\/div><!-- .wpforms-field-container --><div class=\"wpforms-recaptcha-container wpforms-is-recaptcha wpforms-is-recaptcha-type-v3\" ><input type=\"hidden\" name=\"wpforms[recaptcha]\" value=\"\"><\/div><div class=\"wpforms-submit-container\" ><input type=\"hidden\" name=\"wpforms[id]\" value=\"8508\"><input type=\"hidden\" name=\"page_title\" value=\"\"><input type=\"hidden\" name=\"page_url\" value=\"https:\/\/basecamp-gramais.com\/en\/wp-json\/wp\/v2\/pages\/8446\"><input type=\"hidden\" name=\"url_referer\" value=\"\">\t\t<div id=\"cf-turnstile-wpf-3531263358\"\r\n\t\tclass=\"cf-turnstile\" \t\tdata-sitekey=\"0x4AAAAAACwtSsHc-wuNHCBv\"\r\n\t\tdata-theme=\"light\"\r\n\t\tdata-language=\"auto\"\r\n\t\tdata-size=\"normal\"\r\n\t\tdata-retry=\"auto\" data-retry-interval=\"1000\"\r\n\t\tdata-refresh-expired=\"auto\"\r\n\t\tdata-action=\"wpforms-8508\"\r\n\t\t\t\tdata-appearance=\"always\"><\/div>\r\n\t\t\t<script>document.addEventListener(\"DOMContentLoaded\", function() { setTimeout(function(){ var e=document.getElementById(\"cf-turnstile-wpf-3531263358\"); e&&!e.innerHTML.trim()&&(turnstile.remove(\"#cf-turnstile-wpf-3531263358\"), turnstile.render(\"#cf-turnstile-wpf-3531263358\", {sitekey:\"0x4AAAAAACwtSsHc-wuNHCBv\"})); }, 100); });<\/script>\r\n\t\t\t<br class=\"cf-turnstile-br cf-turnstile-br-wpf-3531263358\">\r\n\t\t\t\t<style>#cf-turnstile-wpf-3531263358 { margin-left: -15px; }<\/style>\r\n\t\t<button type=\"submit\" name=\"wpforms[submit]\" id=\"wpforms-submit-8508\" class=\"wpforms-submit\" data-alt-text=\"Wird gesendet\u00a0\u2026\" data-submit-text=\"Absenden\" aria-live=\"assertive\" value=\"wpforms-submit\">Absenden<\/button><img loading=\"lazy\" decoding=\"async\" src=\"https:\/\/basecamp-gramais.com\/wp-content\/plugins\/wpforms-lite\/assets\/images\/submit-spin.svg\" class=\"wpforms-submit-spinner\" style=\"display: none;\" width=\"26\" height=\"26\" alt=\"Loading\"><\/div><\/form><\/div>  <!-- .wpforms-container -->[\/vc_column_text][\/vc_tta_section][\/vc_tta_accordion][vc_empty_space height=&#8221;50&#8243;][\/vc_column][vc_column width=&#8221;1\/6&#8243;][\/vc_column][\/vc_row]<\/p>\n<\/div>","protected":false},"excerpt":{"rendered":"<p>[vc_row][vc_column width=&#8221;1\/6&#8243;][\/vc_column][vc_column width=&#8221;2\/3&#8243;][vc_empty_space height=&#8221;50&#8243;][vc_row_inner content_placement=&#8221;bottom&#8221; gap=&#8221;10&#8243;][vc_column_inner width=&#8221;3\/5&#8243;][vc_single_image image=&#8221;9215&#8243; img_size=&#8221;full&#8221; alignment=&#8221;right&#8221; css_animation=&#8221;fadeIn&#8221; css=&#8221;&#8221;][\/vc_column_inner][vc_column_inner width=&#8221;2\/5&#8243;][vc_column_text css=&#8221;&#8221;][\/vc_column_text][vc_custom_heading text=&#8221;BASECAMP&#8221; font_container=&#8221;tag:h2|font_size:35|text_align:left|color:%23383a33&#8243; google_fonts=&#8221;font_family:Open%20Sans%3A300%2C300italic%2Cregular%2Citalic%2C600%2C600italic%2C700%2C700italic%2C800%2C800italic|font_style:400%20regular%3A400%3Anormal&#8221; css=&#8221;.vc_custom_1729258496644{margin-top: -20px !important;}&#8221;][vc_custom_heading text=&#8221;GRAMAIS&#8221; font_container=&#8221;tag:h2|font_size:18|text_align:left|color:%23383a33&#8243; google_fonts=&#8221;font_family:Open%20Sans%3A300%2C300italic%2Cregular%2Citalic%2C600%2C600italic%2C700%2C700italic%2C800%2C800italic|font_style:800%20bold%20regular%3A800%3Anormal&#8221; css=&#8221;.vc_custom_1729258632547{margin-top: -15px !important;}&#8221;][vc_column_text css=&#8221;&#8221;]Claudia &amp; Hubertus Johannes Lindner Gramais 17 | 6650 GramaisAustria T +43 664 1941232M office@basecamp-gramais.com[\/vc_column_text][\/vc_column_inner][\/vc_row_inner][vc_empty_space height=&#8221;50&#8243;][vc_tta_accordion style=&#8221;outline&#8221; shape=&#8221;square&#8221; color=&#8221;white&#8221; c_icon=&#8221;triangle&#8221; active_section=&#8221;&#8221; collapsible_all=&#8221;true&#8221;][vc_tta_section title=&#8221;Use our inquiry form&#8221; tab_id=&#8221;1714769015919-366cf064-a3e7&#8243;][vc_column_text css=&#8221;&#8221;][\/vc_column_text][\/vc_tta_section][\/vc_tta_accordion][vc_empty_space height=&#8221;50&#8243;][\/vc_column][vc_column width=&#8221;1\/6&#8243;][\/vc_column][\/vc_row]<\/p>\n","protected":false},"author":2,"featured_media":0,"parent":0,"menu_order":0,"comment_status":"closed","ping_status":"closed","template":"page-templates\/full-width-builder-bb.php","meta":{"inspiro_page_layout":"narrow","inspiro_hide_title":false,"footnotes":""},"class_list":["post-8446","page","type-page","status-publish","hentry"],"yoast_head":"<!-- This site is optimized with the Yoast SEO plugin v27.5 - https:\/\/yoast.com\/product\/yoast-seo-wordpress\/ -->\n<title>Contact us - Basecamp Gramais<\/title>\n<meta name=\"robots\" content=\"index, follow, max-snippet:-1, max-image-preview:large, max-video-preview:-1\" \/>\n<link rel=\"canonical\" href=\"https:\/\/basecamp-gramais.com\/en\/contact-us\/\" \/>\n<meta property=\"og:locale\" content=\"en_US\" \/>\n<meta property=\"og:type\" content=\"article\" \/>\n<meta property=\"og:title\" content=\"Contact us - Basecamp Gramais\" \/>\n<meta property=\"og:description\" content=\"[vc_row][vc_column width=&#8221;1\/6&#8243;][\/vc_column][vc_column width=&#8221;2\/3&#8243;][vc_empty_space height=&#8221;50&#8243;][vc_row_inner content_placement=&#8221;bottom&#8221; gap=&#8221;10&#8243;][vc_column_inner width=&#8221;3\/5&#8243;][vc_single_image image=&#8221;9215&#8243; img_size=&#8221;full&#8221; alignment=&#8221;right&#8221; css_animation=&#8221;fadeIn&#8221; css=&#8221;&#8221;][\/vc_column_inner][vc_column_inner width=&#8221;2\/5&#8243;][vc_column_text css=&#8221;&#8221;][\/vc_column_text][vc_custom_heading text=&#8221;BASECAMP&#8221; font_container=&#8221;tag:h2|font_size:35|text_align:left|color:%23383a33&#8243; google_fonts=&#8221;font_family:Open%20Sans%3A300%2C300italic%2Cregular%2Citalic%2C600%2C600italic%2C700%2C700italic%2C800%2C800italic|font_style:400%20regular%3A400%3Anormal&#8221; css=&#8221;.vc_custom_1729258496644{margin-top: -20px !important;}&#8221;][vc_custom_heading text=&#8221;GRAMAIS&#8221; font_container=&#8221;tag:h2|font_size:18|text_align:left|color:%23383a33&#8243; google_fonts=&#8221;font_family:Open%20Sans%3A300%2C300italic%2Cregular%2Citalic%2C600%2C600italic%2C700%2C700italic%2C800%2C800italic|font_style:800%20bold%20regular%3A800%3Anormal&#8221; css=&#8221;.vc_custom_1729258632547{margin-top: -15px !important;}&#8221;][vc_column_text css=&#8221;&#8221;]Claudia &amp; Hubertus Johannes Lindner Gramais 17 | 6650 GramaisAustria T +43 664 1941232M office@basecamp-gramais.com[\/vc_column_text][\/vc_column_inner][\/vc_row_inner][vc_empty_space height=&#8221;50&#8243;][vc_tta_accordion style=&#8221;outline&#8221; shape=&#8221;square&#8221; color=&#8221;white&#8221; c_icon=&#8221;triangle&#8221; active_section=&#8221;&#8221; collapsible_all=&#8221;true&#8221;][vc_tta_section title=&#8221;Use our inquiry form&#8221; tab_id=&#8221;1714769015919-366cf064-a3e7&#8243;][vc_column_text css=&#8221;&#8221;][\/vc_column_text][\/vc_tta_section][\/vc_tta_accordion][vc_empty_space height=&#8221;50&#8243;][\/vc_column][vc_column width=&#8221;1\/6&#8243;][\/vc_column][\/vc_row]\" \/>\n<meta property=\"og:url\" content=\"https:\/\/basecamp-gramais.com\/en\/contact-us\/\" \/>\n<meta property=\"og:site_name\" content=\"Basecamp Gramais\" \/>\n<meta property=\"article:modified_time\" content=\"2025-06-11T07:09:06+00:00\" \/>\n<meta property=\"og:image\" content=\"https:\/\/basecamp-gramais.com\/wp-content\/uploads\/2024\/10\/kreuz_basecamp-07-150x150.png\" \/>\n<meta name=\"twitter:card\" content=\"summary_large_image\" \/>\n<meta name=\"twitter:label1\" content=\"Est. reading time\" \/>\n\t<meta name=\"twitter:data1\" content=\"1 minute\" \/>\n<script type=\"application\/ld+json\" class=\"yoast-schema-graph\">{\"@context\":\"https:\\\/\\\/schema.org\",\"@graph\":[{\"@type\":\"WebPage\",\"@id\":\"https:\\\/\\\/basecamp-gramais.com\\\/en\\\/contact-us\\\/\",\"url\":\"https:\\\/\\\/basecamp-gramais.com\\\/en\\\/contact-us\\\/\",\"name\":\"Contact us - Basecamp Gramais\",\"isPartOf\":{\"@id\":\"https:\\\/\\\/basecamp-gramais.com\\\/en\\\/#website\"},\"primaryImageOfPage\":{\"@id\":\"https:\\\/\\\/basecamp-gramais.com\\\/en\\\/contact-us\\\/#primaryimage\"},\"image\":{\"@id\":\"https:\\\/\\\/basecamp-gramais.com\\\/en\\\/contact-us\\\/#primaryimage\"},\"thumbnailUrl\":\"https:\\\/\\\/basecamp-gramais.com\\\/wp-content\\\/uploads\\\/2024\\\/10\\\/kreuz_basecamp-07-150x150.png\",\"datePublished\":\"2021-03-09T14:39:00+00:00\",\"dateModified\":\"2025-06-11T07:09:06+00:00\",\"breadcrumb\":{\"@id\":\"https:\\\/\\\/basecamp-gramais.com\\\/en\\\/contact-us\\\/#breadcrumb\"},\"inLanguage\":\"en-US\",\"potentialAction\":[{\"@type\":\"ReadAction\",\"target\":[\"https:\\\/\\\/basecamp-gramais.com\\\/en\\\/contact-us\\\/\"]}]},{\"@type\":\"ImageObject\",\"inLanguage\":\"en-US\",\"@id\":\"https:\\\/\\\/basecamp-gramais.com\\\/en\\\/contact-us\\\/#primaryimage\",\"url\":\"https:\\\/\\\/basecamp-gramais.com\\\/wp-content\\\/uploads\\\/2024\\\/10\\\/kreuz_basecamp-07-150x150.png\",\"contentUrl\":\"https:\\\/\\\/basecamp-gramais.com\\\/wp-content\\\/uploads\\\/2024\\\/10\\\/kreuz_basecamp-07-150x150.png\"},{\"@type\":\"BreadcrumbList\",\"@id\":\"https:\\\/\\\/basecamp-gramais.com\\\/en\\\/contact-us\\\/#breadcrumb\",\"itemListElement\":[{\"@type\":\"ListItem\",\"position\":1,\"name\":\"Home\",\"item\":\"https:\\\/\\\/basecamp-gramais.com\\\/en\\\/\"},{\"@type\":\"ListItem\",\"position\":2,\"name\":\"Contact us\"}]},{\"@type\":\"WebSite\",\"@id\":\"https:\\\/\\\/basecamp-gramais.com\\\/en\\\/#website\",\"url\":\"https:\\\/\\\/basecamp-gramais.com\\\/en\\\/\",\"name\":\"Basecamp Gramais\",\"description\":\"\",\"publisher\":{\"@id\":\"https:\\\/\\\/basecamp-gramais.com\\\/en\\\/#organization\"},\"potentialAction\":[{\"@type\":\"SearchAction\",\"target\":{\"@type\":\"EntryPoint\",\"urlTemplate\":\"https:\\\/\\\/basecamp-gramais.com\\\/en\\\/?s={search_term_string}\"},\"query-input\":{\"@type\":\"PropertyValueSpecification\",\"valueRequired\":true,\"valueName\":\"search_term_string\"}}],\"inLanguage\":\"en-US\"},{\"@type\":\"Organization\",\"@id\":\"https:\\\/\\\/basecamp-gramais.com\\\/en\\\/#organization\",\"name\":\"Basecamp Gramais\",\"url\":\"https:\\\/\\\/basecamp-gramais.com\\\/en\\\/\",\"logo\":{\"@type\":\"ImageObject\",\"inLanguage\":\"en-US\",\"@id\":\"https:\\\/\\\/basecamp-gramais.com\\\/en\\\/#\\\/schema\\\/logo\\\/image\\\/\",\"url\":\"https:\\\/\\\/i0.wp.com\\\/basecamp-gramais.com\\\/wp-content\\\/uploads\\\/2024\\\/10\\\/Logo_Basecamp_2024-1.png?fit=473%2C473&ssl=1\",\"contentUrl\":\"https:\\\/\\\/i0.wp.com\\\/basecamp-gramais.com\\\/wp-content\\\/uploads\\\/2024\\\/10\\\/Logo_Basecamp_2024-1.png?fit=473%2C473&ssl=1\",\"width\":473,\"height\":473,\"caption\":\"Basecamp Gramais\"},\"image\":{\"@id\":\"https:\\\/\\\/basecamp-gramais.com\\\/en\\\/#\\\/schema\\\/logo\\\/image\\\/\"}}]}<\/script>\n<!-- \/ Yoast SEO plugin. -->","yoast_head_json":{"title":"Contact us - Basecamp Gramais","robots":{"index":"index","follow":"follow","max-snippet":"max-snippet:-1","max-image-preview":"max-image-preview:large","max-video-preview":"max-video-preview:-1"},"canonical":"https:\/\/basecamp-gramais.com\/en\/contact-us\/","og_locale":"en_US","og_type":"article","og_title":"Contact us - Basecamp Gramais","og_description":"[vc_row][vc_column width=&#8221;1\/6&#8243;][\/vc_column][vc_column width=&#8221;2\/3&#8243;][vc_empty_space height=&#8221;50&#8243;][vc_row_inner content_placement=&#8221;bottom&#8221; gap=&#8221;10&#8243;][vc_column_inner width=&#8221;3\/5&#8243;][vc_single_image image=&#8221;9215&#8243; img_size=&#8221;full&#8221; alignment=&#8221;right&#8221; css_animation=&#8221;fadeIn&#8221; css=&#8221;&#8221;][\/vc_column_inner][vc_column_inner width=&#8221;2\/5&#8243;][vc_column_text css=&#8221;&#8221;][\/vc_column_text][vc_custom_heading text=&#8221;BASECAMP&#8221; font_container=&#8221;tag:h2|font_size:35|text_align:left|color:%23383a33&#8243; google_fonts=&#8221;font_family:Open%20Sans%3A300%2C300italic%2Cregular%2Citalic%2C600%2C600italic%2C700%2C700italic%2C800%2C800italic|font_style:400%20regular%3A400%3Anormal&#8221; css=&#8221;.vc_custom_1729258496644{margin-top: -20px !important;}&#8221;][vc_custom_heading text=&#8221;GRAMAIS&#8221; font_container=&#8221;tag:h2|font_size:18|text_align:left|color:%23383a33&#8243; google_fonts=&#8221;font_family:Open%20Sans%3A300%2C300italic%2Cregular%2Citalic%2C600%2C600italic%2C700%2C700italic%2C800%2C800italic|font_style:800%20bold%20regular%3A800%3Anormal&#8221; css=&#8221;.vc_custom_1729258632547{margin-top: -15px !important;}&#8221;][vc_column_text css=&#8221;&#8221;]Claudia &amp; Hubertus Johannes Lindner Gramais 17 | 6650 GramaisAustria T +43 664 1941232M office@basecamp-gramais.com[\/vc_column_text][\/vc_column_inner][\/vc_row_inner][vc_empty_space height=&#8221;50&#8243;][vc_tta_accordion style=&#8221;outline&#8221; shape=&#8221;square&#8221; color=&#8221;white&#8221; c_icon=&#8221;triangle&#8221; active_section=&#8221;&#8221; collapsible_all=&#8221;true&#8221;][vc_tta_section title=&#8221;Use our inquiry form&#8221; tab_id=&#8221;1714769015919-366cf064-a3e7&#8243;][vc_column_text css=&#8221;&#8221;][\/vc_column_text][\/vc_tta_section][\/vc_tta_accordion][vc_empty_space height=&#8221;50&#8243;][\/vc_column][vc_column width=&#8221;1\/6&#8243;][\/vc_column][\/vc_row]","og_url":"https:\/\/basecamp-gramais.com\/en\/contact-us\/","og_site_name":"Basecamp Gramais","article_modified_time":"2025-06-11T07:09:06+00:00","og_image":[{"url":"https:\/\/basecamp-gramais.com\/wp-content\/uploads\/2024\/10\/kreuz_basecamp-07-150x150.png","type":"","width":"","height":""}],"twitter_card":"summary_large_image","twitter_misc":{"Est. reading time":"1 minute"},"schema":{"@context":"https:\/\/schema.org","@graph":[{"@type":"WebPage","@id":"https:\/\/basecamp-gramais.com\/en\/contact-us\/","url":"https:\/\/basecamp-gramais.com\/en\/contact-us\/","name":"Contact us - Basecamp Gramais","isPartOf":{"@id":"https:\/\/basecamp-gramais.com\/en\/#website"},"primaryImageOfPage":{"@id":"https:\/\/basecamp-gramais.com\/en\/contact-us\/#primaryimage"},"image":{"@id":"https:\/\/basecamp-gramais.com\/en\/contact-us\/#primaryimage"},"thumbnailUrl":"https:\/\/basecamp-gramais.com\/wp-content\/uploads\/2024\/10\/kreuz_basecamp-07-150x150.png","datePublished":"2021-03-09T14:39:00+00:00","dateModified":"2025-06-11T07:09:06+00:00","breadcrumb":{"@id":"https:\/\/basecamp-gramais.com\/en\/contact-us\/#breadcrumb"},"inLanguage":"en-US","potentialAction":[{"@type":"ReadAction","target":["https:\/\/basecamp-gramais.com\/en\/contact-us\/"]}]},{"@type":"ImageObject","inLanguage":"en-US","@id":"https:\/\/basecamp-gramais.com\/en\/contact-us\/#primaryimage","url":"https:\/\/basecamp-gramais.com\/wp-content\/uploads\/2024\/10\/kreuz_basecamp-07-150x150.png","contentUrl":"https:\/\/basecamp-gramais.com\/wp-content\/uploads\/2024\/10\/kreuz_basecamp-07-150x150.png"},{"@type":"BreadcrumbList","@id":"https:\/\/basecamp-gramais.com\/en\/contact-us\/#breadcrumb","itemListElement":[{"@type":"ListItem","position":1,"name":"Home","item":"https:\/\/basecamp-gramais.com\/en\/"},{"@type":"ListItem","position":2,"name":"Contact us"}]},{"@type":"WebSite","@id":"https:\/\/basecamp-gramais.com\/en\/#website","url":"https:\/\/basecamp-gramais.com\/en\/","name":"Basecamp Gramais","description":"","publisher":{"@id":"https:\/\/basecamp-gramais.com\/en\/#organization"},"potentialAction":[{"@type":"SearchAction","target":{"@type":"EntryPoint","urlTemplate":"https:\/\/basecamp-gramais.com\/en\/?s={search_term_string}"},"query-input":{"@type":"PropertyValueSpecification","valueRequired":true,"valueName":"search_term_string"}}],"inLanguage":"en-US"},{"@type":"Organization","@id":"https:\/\/basecamp-gramais.com\/en\/#organization","name":"Basecamp Gramais","url":"https:\/\/basecamp-gramais.com\/en\/","logo":{"@type":"ImageObject","inLanguage":"en-US","@id":"https:\/\/basecamp-gramais.com\/en\/#\/schema\/logo\/image\/","url":"https:\/\/i0.wp.com\/basecamp-gramais.com\/wp-content\/uploads\/2024\/10\/Logo_Basecamp_2024-1.png?fit=473%2C473&ssl=1","contentUrl":"https:\/\/i0.wp.com\/basecamp-gramais.com\/wp-content\/uploads\/2024\/10\/Logo_Basecamp_2024-1.png?fit=473%2C473&ssl=1","width":473,"height":473,"caption":"Basecamp Gramais"},"image":{"@id":"https:\/\/basecamp-gramais.com\/en\/#\/schema\/logo\/image\/"}}]}},"jetpack_sharing_enabled":true,"_links":{"self":[{"href":"https:\/\/basecamp-gramais.com\/en\/wp-json\/wp\/v2\/pages\/8446","targetHints":{"allow":["GET"]}}],"collection":[{"href":"https:\/\/basecamp-gramais.com\/en\/wp-json\/wp\/v2\/pages"}],"about":[{"href":"https:\/\/basecamp-gramais.com\/en\/wp-json\/wp\/v2\/types\/page"}],"author":[{"embeddable":true,"href":"https:\/\/basecamp-gramais.com\/en\/wp-json\/wp\/v2\/users\/2"}],"replies":[{"embeddable":true,"href":"https:\/\/basecamp-gramais.com\/en\/wp-json\/wp\/v2\/comments?post=8446"}],"version-history":[{"count":11,"href":"https:\/\/basecamp-gramais.com\/en\/wp-json\/wp\/v2\/pages\/8446\/revisions"}],"predecessor-version":[{"id":9343,"href":"https:\/\/basecamp-gramais.com\/en\/wp-json\/wp\/v2\/pages\/8446\/revisions\/9343"}],"wp:attachment":[{"href":"https:\/\/basecamp-gramais.com\/en\/wp-json\/wp\/v2\/media?parent=8446"}],"curies":[{"name":"wp","href":"https:\/\/api.w.org\/{rel}","templated":true}]}}